{"id":124,"date":"2023-08-13T06:23:43","date_gmt":"2023-08-13T12:23:43","guid":{"rendered":"https:\/\/denveredvision.org\/conectese-con-nosotros\/"},"modified":"2023-08-31T21:13:44","modified_gmt":"2023-09-01T03:13:44","slug":"conectese-con-nosotros","status":"publish","type":"page","link":"https:\/\/denveredvision.org\/es\/conectese-con-nosotros\/","title":{"rendered":"Con\u00e9ctese con nosotros"},"content":{"rendered":"\t\t<div data-elementor-type=\"wp-page\" data-elementor-id=\"124\" class=\"elementor elementor-124 elementor-31\" data-elementor-post-type=\"page\">\n\t\t\t\t\t\t<section class=\"elementor-section elementor-top-section elementor-element elementor-element-3247822 elementor-section-content-middle elementor-section-boxed elementor-section-height-default elementor-section-height-default\" data-id=\"3247822\" data-element_type=\"section\" data-settings=\"{&quot;background_background&quot;:&quot;classic&quot;}\">\n\t\t\t\t\t\t<div class=\"elementor-container elementor-column-gap-default\">\n\t\t\t\t\t<div class=\"elementor-column elementor-col-50 elementor-top-column elementor-element elementor-element-fd2d568\" data-id=\"fd2d568\" data-element_type=\"column\">\n\t\t\t<div class=\"elementor-widget-wrap elementor-element-populated\">\n\t\t\t\t\t\t<div class=\"elementor-element elementor-element-6c58752 elementor-widget elementor-widget-heading\" data-id=\"6c58752\" data-element_type=\"widget\" data-widget_type=\"heading.default\">\n\t\t\t\t<div class=\"elementor-widget-container\">\n\t\t\t\t\t<h2 class=\"elementor-heading-title elementor-size-default\">CONECTE CON NOSOTROS<\/h2>\t\t\t\t<\/div>\n\t\t\t\t<\/div>\n\t\t\t\t\t<\/div>\n\t\t<\/div>\n\t\t\t\t<div class=\"elementor-column elementor-col-50 elementor-top-column elementor-element elementor-element-75276e2\" data-id=\"75276e2\" data-element_type=\"column\">\n\t\t\t<div class=\"elementor-widget-wrap elementor-element-populated\">\n\t\t\t\t\t\t<div class=\"elementor-element elementor-element-6c39d96 elementor-widget elementor-widget-heading\" data-id=\"6c39d96\" data-element_type=\"widget\" data-widget_type=\"heading.default\">\n\t\t\t\t<div class=\"elementor-widget-container\">\n\t\t\t\t\t<p class=\"elementor-heading-title elementor-size-default\">El equipo de dise\u00f1o est\u00e1 buscando el apoyo de organizaciones afines para mostrar su compromiso y amplificar nuestro mensaje como apasionados defensores de la visi\u00f3n.<\/p>\t\t\t\t<\/div>\n\t\t\t\t<\/div>\n\t\t\t\t\t<\/div>\n\t\t<\/div>\n\t\t\t\t\t<\/div>\n\t\t<\/section>\n\t\t\t\t<section class=\"elementor-section elementor-top-section elementor-element elementor-element-4c1d214 elementor-section-content-middle elementor-section-boxed elementor-section-height-default elementor-section-height-default\" data-id=\"4c1d214\" data-element_type=\"section\" data-settings=\"{&quot;background_background&quot;:&quot;classic&quot;}\">\n\t\t\t\t\t\t<div class=\"elementor-container elementor-column-gap-default\">\n\t\t\t\t\t<div class=\"elementor-column elementor-col-100 elementor-top-column elementor-element elementor-element-d9c1be3\" data-id=\"d9c1be3\" data-element_type=\"column\">\n\t\t\t<div class=\"elementor-widget-wrap elementor-element-populated\">\n\t\t\t\t\t\t<div class=\"elementor-element elementor-element-0e73833 elementor-widget elementor-widget-heading\" data-id=\"0e73833\" data-element_type=\"widget\" data-widget_type=\"heading.default\">\n\t\t\t\t<div class=\"elementor-widget-container\">\n\t\t\t\t\t<h3 class=\"elementor-heading-title elementor-size-default\">Contacte con nuestro equipo<\/h3>\t\t\t\t<\/div>\n\t\t\t\t<\/div>\n\t\t\t\t<div class=\"elementor-element elementor-element-63f9bc6 elementor-widget-divider--view-line elementor-widget elementor-widget-divider\" data-id=\"63f9bc6\" data-element_type=\"widget\" data-widget_type=\"divider.default\">\n\t\t\t\t<div class=\"elementor-widget-container\">\n\t\t\t\t\t\t\t<div class=\"elementor-divider\">\n\t\t\t<span class=\"elementor-divider-separator\">\n\t\t\t\t\t\t<\/span>\n\t\t<\/div>\n\t\t\t\t\t\t<\/div>\n\t\t\t\t<\/div>\n\t\t\t\t<div class=\"elementor-element elementor-element-bbbd215 elementor-button-align-start elementor-widget elementor-widget-form\" data-id=\"bbbd215\" data-element_type=\"widget\" data-settings=\"{&quot;step_next_label&quot;:&quot;Siguiente&quot;,&quot;step_previous_label&quot;:&quot;Anterior&quot;,&quot;button_width&quot;:&quot;100&quot;,&quot;step_type&quot;:&quot;number_text&quot;,&quot;step_icon_shape&quot;:&quot;circle&quot;}\" data-widget_type=\"form.default\">\n\t\t\t\t<div class=\"elementor-widget-container\">\n\t\t\t\t\t\t\t<form class=\"elementor-form\" method=\"post\" name=\"Nuevo formulario\" aria-label=\"Nuevo formulario\">\n\t\t\t<input type=\"hidden\" name=\"post_id\" value=\"124\"\/>\n\t\t\t<input type=\"hidden\" name=\"form_id\" value=\"bbbd215\"\/>\n\t\t\t<input type=\"hidden\" name=\"referer_title\" value=\"Con\u00e9ctese con nosotros - Denver Education Vision Project\" \/>\n\n\t\t\t\t\t\t\t<input type=\"hidden\" name=\"queried_id\" value=\"124\"\/>\n\t\t\t\n\t\t\t<div class=\"elementor-form-fields-wrapper elementor-labels-\">\n\t\t\t\t\t\t\t\t<div class=\"elementor-field-type-text elementor-field-group elementor-column elementor-field-group-name elementor-col-50\">\n\t\t\t\t\t\t\t\t\t\t\t\t<label for=\"form-field-name\" class=\"elementor-field-label elementor-screen-only\">\n\t\t\t\t\t\t\t\tNombre\t\t\t\t\t\t\t<\/label>\n\t\t\t\t\t\t\t\t\t\t\t\t\t\t<input size=\"1\" type=\"text\" name=\"form_fields[name]\" id=\"form-field-name\" class=\"elementor-field elementor-size-sm  elementor-field-textual\" placeholder=\"Nombre\">\n\t\t\t\t\t\t\t\t\t\t\t<\/div>\n\t\t\t\t\t\t\t\t<div class=\"elementor-field-type-text elementor-field-group elementor-column elementor-field-group-field_1622dd8 elementor-col-50\">\n\t\t\t\t\t\t\t\t\t\t\t\t<label for=\"form-field-field_1622dd8\" class=\"elementor-field-label elementor-screen-only\">\n\t\t\t\t\t\t\t\tApellido\t\t\t\t\t\t\t<\/label>\n\t\t\t\t\t\t\t\t\t\t\t\t\t\t<input size=\"1\" type=\"text\" name=\"form_fields[field_1622dd8]\" id=\"form-field-field_1622dd8\" class=\"elementor-field elementor-size-sm  elementor-field-textual\" placeholder=\"Apellido\">\n\t\t\t\t\t\t\t\t\t\t\t<\/div>\n\t\t\t\t\t\t\t\t<div class=\"elementor-field-type-email elementor-field-group elementor-column elementor-field-group-field_b98e478 elementor-col-50\">\n\t\t\t\t\t\t\t\t\t\t\t\t<label for=\"form-field-field_b98e478\" class=\"elementor-field-label elementor-screen-only\">\n\t\t\t\t\t\t\t\tCorreo electr\u00f3nico\t\t\t\t\t\t\t<\/label>\n\t\t\t\t\t\t\t\t\t\t\t\t\t\t<input size=\"1\" type=\"email\" name=\"form_fields[field_b98e478]\" id=\"form-field-field_b98e478\" class=\"elementor-field elementor-size-sm  elementor-field-textual\" placeholder=\"Correo electr\u00f3nico\">\n\t\t\t\t\t\t\t\t\t\t\t<\/div>\n\t\t\t\t\t\t\t\t<div class=\"elementor-field-type-text elementor-field-group elementor-column elementor-field-group-field_4e54eb0 elementor-col-50\">\n\t\t\t\t\t\t\t\t\t\t\t\t<label for=\"form-field-field_4e54eb0\" class=\"elementor-field-label elementor-screen-only\">\n\t\t\t\t\t\t\t\tAsunto\t\t\t\t\t\t\t<\/label>\n\t\t\t\t\t\t\t\t\t\t\t\t\t\t<input size=\"1\" type=\"text\" name=\"form_fields[field_4e54eb0]\" id=\"form-field-field_4e54eb0\" class=\"elementor-field elementor-size-sm  elementor-field-textual\" placeholder=\"Asunto\">\n\t\t\t\t\t\t\t\t\t\t\t<\/div>\n\t\t\t\t\t\t\t\t<div class=\"elementor-field-type-textarea elementor-field-group elementor-column elementor-field-group-field_88619eb elementor-col-100\">\n\t\t\t\t\t<textarea class=\"elementor-field-textual elementor-field  elementor-size-sm\" name=\"form_fields[field_88619eb]\" id=\"form-field-field_88619eb\" rows=\"4\"><\/textarea>\t\t\t\t<\/div>\n\t\t\t\t\t\t\t\t<div class=\"elementor-field-group elementor-column elementor-field-type-submit elementor-col-100 e-form__buttons\">\n\t\t\t\t\t<button class=\"elementor-button elementor-size-sm\" type=\"submit\">\n\t\t\t\t\t\t<span class=\"elementor-button-content-wrapper\">\n\t\t\t\t\t\t\t\t\t\t\t\t\t\t\t\t\t\t\t\t\t\t<span class=\"elementor-button-text\">Con\u00e9ctese con nosotros<\/span>\n\t\t\t\t\t\t\t\t\t\t\t\t\t<\/span>\n\t\t\t\t\t<\/button>\n\t\t\t\t<\/div>\n\t\t\t<\/div>\n\t\t<\/form>\n\t\t\t\t\t\t<\/div>\n\t\t\t\t<\/div>\n\t\t\t\t\t<\/div>\n\t\t<\/div>\n\t\t\t\t\t<\/div>\n\t\t<\/section>\n\t\t\t\t<\/div>\n\t\t","protected":false},"excerpt":{"rendered":"<p>CONECTE CON NOSOTROS El equipo de dise\u00f1o est\u00e1 buscando el apoyo de organizaciones afines para mostrar su compromiso y amplificar nuestro mensaje como apasionados defensores de la visi\u00f3n. Contacte con [&hellip;]<\/p>\n","protected":false},"author":4,"featured_media":0,"parent":0,"menu_order":0,"comment_status":"closed","ping_status":"closed","template":"elementor_header_footer","meta":{"_price":"","_stock":"","_tribe_ticket_header":"","_tribe_default_ticket_provider":"","_tribe_ticket_capacity":"0","_ticket_start_date":"","_ticket_end_date":"","_tribe_ticket_show_description":"","_tribe_ticket_show_not_going":false,"_tribe_ticket_use_global_stock":"","_tribe_ticket_global_stock_level":"","_global_stock_mode":"","_global_stock_cap":"","_tribe_rsvp_for_event":"","_tribe_ticket_going_count":"","_tribe_ticket_not_going_count":"","_tribe_tickets_list":"[]","_tribe_ticket_has_attendee_info_fields":false,"footnotes":""},"class_list":["post-124","page","type-page","status-publish","hentry"],"yoast_head":"<!-- This site is optimized with the Yoast SEO plugin v27.5 - https:\/\/yoast.com\/product\/yoast-seo-wordpress\/ -->\n<title>Con\u00e9ctese con nosotros - Denver Education Vision Project<\/title>\n<meta name=\"robots\" content=\"index, follow, max-snippet:-1, max-image-preview:large, max-video-preview:-1\" \/>\n<link rel=\"canonical\" href=\"https:\/\/denveredvision.org\/es\/conectese-con-nosotros\/\" \/>\n<meta property=\"og:locale\" content=\"es_ES\" \/>\n<meta property=\"og:type\" content=\"article\" \/>\n<meta property=\"og:title\" content=\"Con\u00e9ctese con nosotros - Denver Education Vision Project\" \/>\n<meta property=\"og:description\" content=\"CONECTE CON NOSOTROS El equipo de dise\u00f1o est\u00e1 buscando el apoyo de organizaciones afines para mostrar su compromiso y amplificar nuestro mensaje como apasionados defensores de la visi\u00f3n. Contacte con [&hellip;]\" \/>\n<meta property=\"og:url\" content=\"https:\/\/denveredvision.org\/es\/conectese-con-nosotros\/\" \/>\n<meta property=\"og:site_name\" content=\"Denver Education Vision Project\" \/>\n<meta property=\"article:modified_time\" content=\"2023-09-01T03:13:44+00:00\" \/>\n<meta name=\"twitter:card\" content=\"summary_large_image\" \/>\n<script type=\"application\/ld+json\" class=\"yoast-schema-graph\">{\"@context\":\"https:\\\/\\\/schema.org\",\"@graph\":[{\"@type\":\"WebPage\",\"@id\":\"https:\\\/\\\/denveredvision.org\\\/es\\\/conectese-con-nosotros\\\/\",\"url\":\"https:\\\/\\\/denveredvision.org\\\/es\\\/conectese-con-nosotros\\\/\",\"name\":\"Con\u00e9ctese con nosotros - Denver Education Vision Project\",\"isPartOf\":{\"@id\":\"https:\\\/\\\/denveredvision.org\\\/es\\\/#website\"},\"datePublished\":\"2023-08-13T12:23:43+00:00\",\"dateModified\":\"2023-09-01T03:13:44+00:00\",\"breadcrumb\":{\"@id\":\"https:\\\/\\\/denveredvision.org\\\/es\\\/conectese-con-nosotros\\\/#breadcrumb\"},\"inLanguage\":\"es\",\"potentialAction\":[{\"@type\":\"ReadAction\",\"target\":[\"https:\\\/\\\/denveredvision.org\\\/es\\\/conectese-con-nosotros\\\/\"]}]},{\"@type\":\"BreadcrumbList\",\"@id\":\"https:\\\/\\\/denveredvision.org\\\/es\\\/conectese-con-nosotros\\\/#breadcrumb\",\"itemListElement\":[{\"@type\":\"ListItem\",\"position\":1,\"name\":\"Home\",\"item\":\"https:\\\/\\\/denveredvision.org\\\/es\\\/\"},{\"@type\":\"ListItem\",\"position\":2,\"name\":\"Con\u00e9ctese con nosotros\"}]},{\"@type\":\"WebSite\",\"@id\":\"https:\\\/\\\/denveredvision.org\\\/es\\\/#website\",\"url\":\"https:\\\/\\\/denveredvision.org\\\/es\\\/\",\"name\":\"Denver Education Vision Project\",\"description\":\"\",\"publisher\":{\"@id\":\"https:\\\/\\\/denveredvision.org\\\/es\\\/#organization\"},\"potentialAction\":[{\"@type\":\"SearchAction\",\"target\":{\"@type\":\"EntryPoint\",\"urlTemplate\":\"https:\\\/\\\/denveredvision.org\\\/es\\\/?s={search_term_string}\"},\"query-input\":{\"@type\":\"PropertyValueSpecification\",\"valueRequired\":true,\"valueName\":\"search_term_string\"}}],\"inLanguage\":\"es\"},{\"@type\":\"Organization\",\"@id\":\"https:\\\/\\\/denveredvision.org\\\/es\\\/#organization\",\"name\":\"Denver Education Vision Project\",\"url\":\"https:\\\/\\\/denveredvision.org\\\/es\\\/\",\"logo\":{\"@type\":\"ImageObject\",\"inLanguage\":\"es\",\"@id\":\"https:\\\/\\\/denveredvision.org\\\/es\\\/#\\\/schema\\\/logo\\\/image\\\/\",\"url\":\"https:\\\/\\\/denveredvision.org\\\/wp-content\\\/uploads\\\/2023\\\/08\\\/Group-83@2x.png\",\"contentUrl\":\"https:\\\/\\\/denveredvision.org\\\/wp-content\\\/uploads\\\/2023\\\/08\\\/Group-83@2x.png\",\"width\":340,\"height\":267,\"caption\":\"Denver Education Vision Project\"},\"image\":{\"@id\":\"https:\\\/\\\/denveredvision.org\\\/es\\\/#\\\/schema\\\/logo\\\/image\\\/\"}}]}<\/script>\n<!-- \/ Yoast SEO plugin. -->","yoast_head_json":{"title":"Con\u00e9ctese con nosotros - Denver Education Vision Project","robots":{"index":"index","follow":"follow","max-snippet":"max-snippet:-1","max-image-preview":"max-image-preview:large","max-video-preview":"max-video-preview:-1"},"canonical":"https:\/\/denveredvision.org\/es\/conectese-con-nosotros\/","og_locale":"es_ES","og_type":"article","og_title":"Con\u00e9ctese con nosotros - Denver Education Vision Project","og_description":"CONECTE CON NOSOTROS El equipo de dise\u00f1o est\u00e1 buscando el apoyo de organizaciones afines para mostrar su compromiso y amplificar nuestro mensaje como apasionados defensores de la visi\u00f3n. Contacte con [&hellip;]","og_url":"https:\/\/denveredvision.org\/es\/conectese-con-nosotros\/","og_site_name":"Denver Education Vision Project","article_modified_time":"2023-09-01T03:13:44+00:00","twitter_card":"summary_large_image","schema":{"@context":"https:\/\/schema.org","@graph":[{"@type":"WebPage","@id":"https:\/\/denveredvision.org\/es\/conectese-con-nosotros\/","url":"https:\/\/denveredvision.org\/es\/conectese-con-nosotros\/","name":"Con\u00e9ctese con nosotros - Denver Education Vision Project","isPartOf":{"@id":"https:\/\/denveredvision.org\/es\/#website"},"datePublished":"2023-08-13T12:23:43+00:00","dateModified":"2023-09-01T03:13:44+00:00","breadcrumb":{"@id":"https:\/\/denveredvision.org\/es\/conectese-con-nosotros\/#breadcrumb"},"inLanguage":"es","potentialAction":[{"@type":"ReadAction","target":["https:\/\/denveredvision.org\/es\/conectese-con-nosotros\/"]}]},{"@type":"BreadcrumbList","@id":"https:\/\/denveredvision.org\/es\/conectese-con-nosotros\/#breadcrumb","itemListElement":[{"@type":"ListItem","position":1,"name":"Home","item":"https:\/\/denveredvision.org\/es\/"},{"@type":"ListItem","position":2,"name":"Con\u00e9ctese con nosotros"}]},{"@type":"WebSite","@id":"https:\/\/denveredvision.org\/es\/#website","url":"https:\/\/denveredvision.org\/es\/","name":"Denver Education Vision Project","description":"","publisher":{"@id":"https:\/\/denveredvision.org\/es\/#organization"},"potentialAction":[{"@type":"SearchAction","target":{"@type":"EntryPoint","urlTemplate":"https:\/\/denveredvision.org\/es\/?s={search_term_string}"},"query-input":{"@type":"PropertyValueSpecification","valueRequired":true,"valueName":"search_term_string"}}],"inLanguage":"es"},{"@type":"Organization","@id":"https:\/\/denveredvision.org\/es\/#organization","name":"Denver Education Vision Project","url":"https:\/\/denveredvision.org\/es\/","logo":{"@type":"ImageObject","inLanguage":"es","@id":"https:\/\/denveredvision.org\/es\/#\/schema\/logo\/image\/","url":"https:\/\/denveredvision.org\/wp-content\/uploads\/2023\/08\/Group-83@2x.png","contentUrl":"https:\/\/denveredvision.org\/wp-content\/uploads\/2023\/08\/Group-83@2x.png","width":340,"height":267,"caption":"Denver Education Vision Project"},"image":{"@id":"https:\/\/denveredvision.org\/es\/#\/schema\/logo\/image\/"}}]}},"_links":{"self":[{"href":"https:\/\/denveredvision.org\/es\/wp-json\/wp\/v2\/pages\/124","targetHints":{"allow":["GET"]}}],"collection":[{"href":"https:\/\/denveredvision.org\/es\/wp-json\/wp\/v2\/pages"}],"about":[{"href":"https:\/\/denveredvision.org\/es\/wp-json\/wp\/v2\/types\/page"}],"author":[{"embeddable":true,"href":"https:\/\/denveredvision.org\/es\/wp-json\/wp\/v2\/users\/4"}],"replies":[{"embeddable":true,"href":"https:\/\/denveredvision.org\/es\/wp-json\/wp\/v2\/comments?post=124"}],"version-history":[{"count":0,"href":"https:\/\/denveredvision.org\/es\/wp-json\/wp\/v2\/pages\/124\/revisions"}],"wp:attachment":[{"href":"https:\/\/denveredvision.org\/es\/wp-json\/wp\/v2\/media?parent=124"}],"curies":[{"name":"wp","href":"https:\/\/api.w.org\/{rel}","templated":true}]}}